{"id":75,"date":"2014-10-24T01:07:10","date_gmt":"2014-10-23T23:07:10","guid":{"rendered":"http:\/\/rebreatherausbildung.de\/?page_id=75"},"modified":"2016-05-01T18:57:48","modified_gmt":"2016-05-01T16:57:48","slug":"sf-2-eccr","status":"publish","type":"page","link":"https:\/\/www.rebreatherausbildung.de\/?page_id=75","title":{"rendered":"SF-2 eCCR"},"content":{"rendered":"<p style=\"text-align: justify;\"><a href=\"http:\/\/rebreatherausbildung.de\/wp-content\/uploads\/2014\/10\/SF-2_Back_Side-Poster1.jpg\"><img loading=\"lazy\" decoding=\"async\" class=\"alignnone wp-image-30\" src=\"http:\/\/rebreatherausbildung.de\/wp-content\/uploads\/2014\/10\/SF-2_Back_Side-Poster1.jpg\" alt=\"SF-2_Back_Side-Poster1\" width=\"660\" height=\"330\" \/><\/a><\/p>\n<p style=\"text-align: justify;\">Der SF2 ist der elektronische Rebreather aus dem Hause ScubaForce, Made in Germany. \u201eKeep it simple!\u201c So lautete der Leitspruch, bei der Entwicklung des SF2. Bereits auf den ersten Blick zeigt sich, dass dieser Anspruch auch in die Realit\u00e4t umgesetzt wurde. Das Ger\u00e4t wirkt wie aus einem Guss und besitzt eine \u00fcberzeugend puristische Form. Im Vergleich zu anderen Ger\u00e4ten wirkt der SF2 \u00fcbersichtlich und kompakt. Der Grund hierf\u00fcr erschlie\u00dft sich schnell: Alles Wichtige befindet sich in der Tube. Daher ben\u00f6tigt der SF2 sehr viel weniger Volumen als vergleichbare Kreislauftauchger\u00e4te. Umfangreiche Tests im Rahmen der CE Zertifizierung durch die DEKRA und diverse Zertifizierungen stellen h\u00f6chste Qualit\u00e4t und Sicherheit bei den Tauchg\u00e4ngen sicher. Der SF2 eignet sich auch f\u00fcr besonders anspruchsvolle technische Tauchg\u00e4nge. Das Ger\u00e4t gibt es in den Ausf\u00fchrungen SF2-Backmount und SF2-Sidemount.<\/p>\n<p style=\"text-align: justify;\"><strong>Streamlined Design<\/strong><\/p>\n<p style=\"text-align: justify;\">Der SF2 wirkt wie aus einem Guss, da er sehr kompakt ist und mit einer aufger\u00e4umten Frontpartie \u00fcberzeugt. Durch das Carbon-Rohr erh\u00e4lt das Ger\u00e4t ein v\u00f6llig neues, hochwertiges und stromlinienf\u00f6rmiges Design.<\/p>\n<p style=\"text-align: justify;\"><strong>Kompakter Aufbau<\/strong><\/p>\n<p style=\"text-align: justify;\">Die Elektronikkammer befindet sich innerhalb des Kopfes. Die Anschlussst\u00fccke der Atemgarnitur sind leicht angewinkelt am Kopf montiert, was zu einer optimalen Positionierung der Garnitur und einem angenehmen Tragekomfort beitr\u00e4gt. Zwischen Kopf und Mittelst\u00fcck sitzt ein bis zu 2,2 kg fassender Kalkbeh\u00e4lter. Bei dem Mittelst\u00fcck des SF2 wurden zwei verschiedene Anforderungen an moderne Kreislaufger\u00e4te kombiniert. Zum einen sitzt hier der Bypass, der bei zu geringem Volumen im System automatisch Gas einspeist. Zum anderen befinden sich hier die Anschl\u00fcsse des \u201eManual Adds\u201c.<\/p>\n<p style=\"text-align: justify;\"><strong>Elektronikkammer<\/strong><\/p>\n<p style=\"text-align: justify;\">Sie ist das Herzst\u00fcck des SF2. Hier befinden sich die O2 Sensoren, das Magnetventil und die Energieversorgung. Untergebracht ist sie auf kleinstem Raum, wodurch eine Kondensbildung im Elektronikbereich auf nahezu null reduziert wird. Die O2 Sensoren befinden sich in einer separaten Kammer au\u00dferhalb des Hauptgasflusses und sind hierdurch gut gegen Feuchtigkeit gesch\u00fctzt. Die Elektronikplatine befindet sich unterhalb des Batteriefaches und wird komplett vergossen. Hochwertige SMB Winkelstecker verbinden die Platine mit den Sensoren.<\/p>\n<p style=\"text-align: justify;\"><strong>Manual Add &amp; Off Board Gas Connector<\/strong><\/p>\n<p style=\"text-align: justify;\">Die \u201eManual Adds\u201c sind aus POM gefertigt und erlauben dem Taucher manuell Sauerstoff oder Diluent einzuspeisen. Die \u201eOff Board Gas Connectoren\u201c bestehen aus hochwertigen Swagelok Schnellkupplungen und erm\u00f6glichen die Einspeisung von externen Gasen. Der beim technischen Tauchen so wichtige Grundgedanke der Redundanz ist somit im vollen Umfang ber\u00fccksichtigt. Bei angelegtem \u201eOff Board Gas\u201c Einsatz funktioniert konstruktionsbedingt die komplette Peripherie.<\/p>\n<p style=\"text-align: justify;\"><strong>Einzigartige Positionierung der Gegenlunge<\/strong><\/p>\n<p style=\"text-align: justify;\">Der SF2 unterscheidet sich vor allem durch die Positionierung der Gegenlunge. Die meisten zurzeit erh\u00e4ltlichen Ger\u00e4te positionieren die Gegenlunge auf der Brust. Beim SF2 befindet sich die Gegenlunge in der unteren Tube. Dies f\u00fchrt zu einer idealen Tauchlage im Wasser sowie geringem Wasserwiderstand. Tests der Dekra beweisen: Die WOB (Work of Breathing) Werte sind in allen Lagen hervorragend.<\/p>\n<p style=\"text-align: justify;\"><strong>Einfache Montage<\/strong><\/p>\n<p style=\"text-align: justify;\">Die Montage bzw. Demontage des SF2 gestaltet sich sehr einfach, da die gesamte Tube auseinandergenommen werden kann. Alle Teile k\u00f6nnen bequem erreicht werden ohne das Zubeh\u00f6r (1. Stufe\/ Wing\/ Plate) abzuschrauben.<\/p>\n<p style=\"text-align: justify;\"><a href=\"http:\/\/rebreatherausbildung.de\/wp-content\/uploads\/2014\/10\/sf2_aufgeschnitten-klein.jpg\"><img loading=\"lazy\" decoding=\"async\" class=\"alignright wp-image-44\" src=\"http:\/\/rebreatherausbildung.de\/wp-content\/uploads\/2014\/10\/sf2_aufgeschnitten-klein.jpg\" alt=\"sf2_aufgeschnitten-klein\" width=\"244\" height=\"472\" \/><\/a><\/p>\n<p style=\"text-align: justify;\"><strong>Features:<\/strong><\/p>\n<ul style=\"text-align: justify;\">\n<li>Durchmesser: 180 mm<\/li>\n<li>H\u00f6he gesamt: 600 mm<\/li>\n<li>Lungenvolumen: 4,3 Liter<\/li>\n<li>Gaseinspeisung Diluent (ADV): Apeks TX40<\/li>\n<li>Gaseinspeisung O2 : Magnetventil<\/li>\n<li>Jaksa Magnetventil: 9 Volt, ca. 40 Stunden<\/li>\n<li>Controller: 1 x AA<\/li>\n<li>Gasaussto\u00df: Apeks High Profile<\/li>\n<li>Sauerstoffsensoren: 3 St\u00fcck<\/li>\n<li>Abdichtung Geh\u00e4use: O-Ring radial<\/li>\n<\/ul>\n<p style=\"text-align: justify;\">\n<p style=\"text-align: justify;\">\n<p style=\"text-align: justify;\">\n<p style=\"text-align: justify;\">\n<p style=\"text-align: justify;\"><a href=\"http:\/\/rebreatherausbildung.de\/wp-content\/uploads\/2014\/10\/SF2-Liegend.jpg\"><img loading=\"lazy\" decoding=\"async\" class=\"alignnone wp-image-32\" src=\"http:\/\/rebreatherausbildung.de\/wp-content\/uploads\/2014\/10\/SF2-Liegend.jpg\" alt=\"SF2-Liegend\" width=\"376\" height=\"259\" \/><\/a><\/p>\n<p style=\"text-align: justify;\"><a href=\"https:\/\/www.rebreatherausbildung.de\/wp-content\/uploads\/2014\/12\/SM_klein-3032.jpg\"><img loading=\"lazy\" decoding=\"async\" class=\"alignnone wp-image-257\" src=\"https:\/\/www.rebreatherausbildung.de\/wp-content\/uploads\/2014\/12\/SM_klein-3032.jpg\" alt=\"SM_klein-3032\" width=\"300\" height=\"520\" \/><\/a><\/p>\n<p style=\"text-align: justify;\">\n<p style=\"text-align: justify;\">\n<p style=\"text-align: justify;\">\n","protected":false},"excerpt":{"rendered":"<p>Der SF2 ist der elektronische Rebreather aus dem Hause ScubaForce, Made in Germany. \u201eKeep it simple!\u201c So lautete der Leitspruch, bei der Entwicklung des SF2. Bereits auf den ersten Blick zeigt sich, dass dieser Anspruch auch in die Realit\u00e4t umgesetzt &hellip; <a href=\"https:\/\/www.rebreatherausbildung.de\/?page_id=75\">Weiterlesen <span class=\"meta-nav\">&rarr;<\/span><\/a><\/p>\n","protected":false},"author":1,"featured_media":0,"parent":0,"menu_order":0,"comment_status":"closed","ping_status":"open","template":"","meta":{"footnotes":""},"_links":{"self":[{"href":"https:\/\/www.rebreatherausbildung.de\/index.php?rest_route=\/wp\/v2\/pages\/75"}],"collection":[{"href":"https:\/\/www.rebreatherausbildung.de\/index.php?rest_route=\/wp\/v2\/pages"}],"about":[{"href":"https:\/\/www.rebreatherausbildung.de\/index.php?rest_route=\/wp\/v2\/types\/page"}],"author":[{"embeddable":true,"href":"https:\/\/www.rebreatherausbildung.de\/index.php?rest_route=\/wp\/v2\/users\/1"}],"replies":[{"embeddable":true,"href":"https:\/\/www.rebreatherausbildung.de\/index.php?rest_route=%2Fwp%2Fv2%2Fcomments&post=75"}],"version-history":[{"count":8,"href":"https:\/\/www.rebreatherausbildung.de\/index.php?rest_route=\/wp\/v2\/pages\/75\/revisions"}],"predecessor-version":[{"id":527,"href":"https:\/\/www.rebreatherausbildung.de\/index.php?rest_route=\/wp\/v2\/pages\/75\/revisions\/527"}],"wp:attachment":[{"href":"https:\/\/www.rebreatherausbildung.de\/index.php?rest_route=%2Fwp%2Fv2%2Fmedia&parent=75"}],"curies":[{"name":"wp","href":"https:\/\/api.w.org\/{rel}","templated":true}]}}